{"id":5,"date":"2022-05-17T17:45:09","date_gmt":"2022-05-17T15:45:09","guid":{"rendered":"http:\/\/mariole-production.fr\/?page_id=5"},"modified":"2024-01-13T18:44:03","modified_gmt":"2024-01-13T17:44:03","slug":"realisations","status":"publish","type":"page","link":"https:\/\/mariole-production.fr\/","title":{"rendered":"R\u00e9alisations"},"content":{"rendered":"\n<p><strong>Conseil et r\u00e9alisation de produits vid\u00e9o corporate, \u00e9v\u00e9nementiels, prises de vues a\u00e9riennes, documentaires et reportages.<\/strong><\/p>\n\n\n\n<hr class=\"wp-block-separator has-alpha-channel-opacity\"\/>\n\n\n\n<figure class=\"wp-block-embed is-type-video is-provider-youtube wp-block-embed-youtube wp-embed-aspect-16-9 wp-has-aspect-ratio\"><div class=\"wp-block-embed__wrapper\">\n<iframe loading=\"lazy\" title=\"\ud83e\udeb5 No\u00ebl en bois | Tatiana Probst\" width=\"750\" height=\"422\" src=\"https:\/\/www.youtube.com\/embed\/D5uHYhH2AYM?feature=oembed\" frameborder=\"0\" allow=\"accelerometer; autoplay; clipboard-write; encrypted-media; gyroscope; picture-in-picture; web-share\" allowfullscreen><\/iframe>\n<\/div><\/figure>\n\n\n\n<p>La Soprano et compositrice Tatiana Probst m&#8217;a confi\u00e9 la r\u00e9alisation de son clip annuel de No\u00ebl afin d&#8217;allier l\u00e9g\u00e8ret\u00e9 et bonne humeur pour les f\u00eates.<\/p>\n\n\n\n<p>N&#8217;h\u00e9sitez pas \u00e0 aller d\u00e9couvrir cette artiste tr\u00e8s talentueuse : <br>\ud83d\udda5\ufe0f <a href=\"https:\/\/www.tatianaprobst.com\/\" target=\"_blank\" rel=\"noreferrer noopener\">Site internet<\/a><br>\ud83d\udcf1 <a href=\"https:\/\/www.instagram.com\/tatiana_probst\/\" target=\"_blank\" rel=\"noreferrer noopener\">Instagram<\/a><br>\ud83c\udfac <a href=\"https:\/\/www.youtube.com\/@tatianaprobst4316\" target=\"_blank\" rel=\"noreferrer noopener\">Youtube<\/a><\/p>\n\n\n\n<p>\ud83c\udfbc Son dernier album :<\/p>\n\n\n\n<p><iframe style=\"border-radius:12px\" src=\"https:\/\/open.spotify.com\/embed\/album\/2H7FrrFx15oPrlRVVXIcPa?utm_source=generator&amp;theme=0\" width=\"100%\" height=\"152\" frameborder=\"0\" allowfullscreen=\"\" allow=\"autoplay; clipboard-write; encrypted-media; fullscreen; picture-in-picture\" loading=\"lazy\"><\/iframe>\n<\/p>\n\n\n\n<hr class=\"wp-block-separator has-alpha-channel-opacity\"\/>\n\n\n\n<figure class=\"wp-block-embed is-type-video is-provider-youtube wp-block-embed-youtube wp-embed-aspect-16-9 wp-has-aspect-ratio\"><div class=\"wp-block-embed__wrapper\">\n<iframe loading=\"lazy\" title=\"Madinina\uff5cUn air de Martinique\" width=\"750\" height=\"422\" src=\"https:\/\/www.youtube.com\/embed\/HAilqp-V1z8?list=PLaYJMn5wqGOdIjVse0LocZsbfwzSNQaXJ\" frameborder=\"0\" allow=\"accelerometer; autoplay; clipboard-write; encrypted-media; gyroscope; picture-in-picture; web-share\" allowfullscreen><\/iframe>\n<\/div><figcaption class=\"wp-element-caption\">Tournage et montage au drone r\u00e9alis\u00e9 en Martinique.<br>Drone immersif FPV et drone stabilis\u00e9.<\/figcaption><\/figure>\n\n\n\n<hr class=\"wp-block-separator has-alpha-channel-opacity\"\/>\n\n\n\n<figure class=\"wp-block-embed is-type-video is-provider-youtube wp-block-embed-youtube wp-embed-aspect-16-9 wp-has-aspect-ratio\"><div class=\"wp-block-embed__wrapper\">\n<iframe loading=\"lazy\" title=\"DRONE immersif Bercy All\u00e9e Jean Monnet, cour d&#039;honneur, douves, hall B\u00e9r\u00e9govoy HD\" width=\"750\" height=\"422\" src=\"https:\/\/www.youtube.com\/embed\/arb59BocVJw?feature=oembed\" frameborder=\"0\" allow=\"accelerometer; autoplay; clipboard-write; encrypted-media; gyroscope; picture-in-picture; web-share\" allowfullscreen><\/iframe>\n<\/div><figcaption class=\"wp-element-caption\">R\u00e9alisation d&#8217;une prestation prises de vues en drone FPV au Minist\u00e8re de l&#8217;\u00c9conomie et des Finances.<\/figcaption><\/figure>\n\n\n\n<hr class=\"wp-block-separator has-alpha-channel-opacity\"\/>\n\n\n\n<figure class=\"wp-block-embed is-type-video is-provider-youtube wp-block-embed-youtube wp-embed-aspect-16-9 wp-has-aspect-ratio\"><div class=\"wp-block-embed__wrapper\">\n<iframe loading=\"lazy\" title=\"Boulogne-sur-mer\" width=\"750\" height=\"422\" src=\"https:\/\/www.youtube.com\/embed\/lxQRNMGs2iY?start=26&#038;feature=oembed\" frameborder=\"0\" allow=\"accelerometer; autoplay; clipboard-write; encrypted-media; gyroscope; picture-in-picture; web-share\" allowfullscreen><\/iframe>\n<\/div><figcaption class=\"wp-element-caption\">Tournage et montage au drone en zone ouverte sur le littoral de Boulogne-sur-Mer lors d&#8217;une apr\u00e8s-midi hivernale.<\/figcaption><\/figure>\n\n\n\n<hr class=\"wp-block-separator has-alpha-channel-opacity\"\/>\n\n\n\n<figure class=\"wp-block-embed is-type-video is-provider-youtube wp-block-embed-youtube wp-embed-aspect-16-9 wp-has-aspect-ratio\"><div class=\"wp-block-embed__wrapper\">\n<iframe loading=\"lazy\" title=\"MP | Melting voices, concert au Temple protestant de Houilles\" width=\"750\" height=\"422\" src=\"https:\/\/www.youtube.com\/embed\/_Odmy6xZvcU?feature=oembed\" frameborder=\"0\" allow=\"accelerometer; autoplay; clipboard-write; encrypted-media; gyroscope; picture-in-picture; web-share\" allowfullscreen><\/iframe>\n<\/div><figcaption class=\"wp-element-caption\">R\u00e9alisation, tournage, captation sonore et montage pour &#8220;Melting Voices&#8221;, association ovilloise de chants Gospel.<\/figcaption><\/figure>\n\n\n\n<hr class=\"wp-block-separator has-alpha-channel-opacity\"\/>\n\n\n\n<figure class=\"wp-block-embed is-type-video is-provider-youtube wp-block-embed-youtube wp-embed-aspect-16-9 wp-has-aspect-ratio\"><div class=\"wp-block-embed__wrapper\">\n<iframe loading=\"lazy\" title=\"MP | Reportage habit\u00e2t modulaire \u00e0 Nantes\" width=\"750\" height=\"422\" src=\"https:\/\/www.youtube.com\/embed\/SLpXsoB940A?feature=oembed\" frameborder=\"0\" allow=\"accelerometer; autoplay; clipboard-write; encrypted-media; gyroscope; picture-in-picture; web-share\" allowfullscreen><\/iframe>\n<\/div><figcaption class=\"wp-element-caption\">R\u00e9alisation, tournage et montage d&#8217;un reportage court pour la pr\u00e9fecture de la Loire-Atlantique.<\/figcaption><\/figure>\n\n\n\n<hr class=\"wp-block-separator has-alpha-channel-opacity\"\/>\n\n\n\n<figure class=\"wp-block-embed is-type-video is-provider-youtube wp-block-embed-youtube wp-embed-aspect-16-9 wp-has-aspect-ratio\"><div class=\"wp-block-embed__wrapper\">\n<iframe loading=\"lazy\" title=\"1 7 3 4 0 - Ch\u00e2telaillon-Plage\" width=\"750\" height=\"422\" src=\"https:\/\/www.youtube.com\/embed\/h7s_ebKZKcU?feature=oembed\" frameborder=\"0\" allow=\"accelerometer; autoplay; clipboard-write; encrypted-media; gyroscope; picture-in-picture; web-share\" allowfullscreen><\/iframe>\n<\/div><figcaption class=\"wp-element-caption\">1 7 3 4 0 &#8211; Tournage et montage au drone en zone ouverte sur le littoral de Ch\u00e2telaillon-Plage.<\/figcaption><\/figure>\n\n\n\n<hr class=\"wp-block-separator has-alpha-channel-opacity\"\/>\n\n\n\n<div style=\"height:51px\" aria-hidden=\"true\" class=\"wp-block-spacer\"><\/div>\n\n\n\n<p class=\"has-text-align-center\">N&#8217;h\u00e9sitez pas \u00e0 consulter ma playlist YouTube :<\/p>\n\n\n\n<figure class=\"wp-block-embed aligncenter is-type-video is-provider-youtube wp-block-embed-youtube wp-embed-aspect-16-9 wp-has-aspect-ratio\"><div class=\"wp-block-embed__wrapper\">\n<iframe loading=\"lazy\" title=\"MARIOLE PRODUCTION\" width=\"750\" height=\"422\" src=\"https:\/\/www.youtube.com\/embed\/videoseries?list=PLaYJMn5wqGOdIjVse0LocZsbfwzSNQaXJ\" frameborder=\"0\" allow=\"accelerometer; autoplay; clipboard-write; encrypted-media; gyroscope; picture-in-picture; web-share\" allowfullscreen><\/iframe>\n<\/div><\/figure>\n","protected":false},"excerpt":{"rendered":"<p>Conseil et r\u00e9alisation de produits vid\u00e9o corporate, \u00e9v\u00e9nementiels, prises de vues a\u00e9riennes, documentaires et reportages. La Soprano et compositrice Tatiana Probst m&#8217;a confi\u00e9 la r\u00e9alisation de son clip annuel de No\u00ebl afin d&#8217;allier l\u00e9g\u00e8ret\u00e9 et bonne humeur pour les f\u00eates. N&#8217;h\u00e9sitez pas \u00e0 aller d\u00e9couvrir cette artiste tr\u00e8s talentueuse : \ud83d\udda5\ufe0f Site internet\ud83d\udcf1 Instagram\ud83c\udfac Youtube&hellip; <a class=\"more-link\" href=\"https:\/\/mariole-production.fr\/\">Continue reading <span class=\"screen-reader-text\">R\u00e9alisations<\/span><\/a><\/p>\n","protected":false},"author":1,"featured_media":0,"parent":0,"menu_order":0,"comment_status":"closed","ping_status":"closed","template":"","meta":{"footnotes":""},"class_list":["post-5","page","type-page","status-publish","hentry","entry"],"_links":{"self":[{"href":"https:\/\/mariole-production.fr\/index.php\/wp-json\/wp\/v2\/pages\/5","targetHints":{"allow":["GET"]}}],"collection":[{"href":"https:\/\/mariole-production.fr\/index.php\/wp-json\/wp\/v2\/pages"}],"about":[{"href":"https:\/\/mariole-production.fr\/index.php\/wp-json\/wp\/v2\/types\/page"}],"author":[{"embeddable":true,"href":"https:\/\/mariole-production.fr\/index.php\/wp-json\/wp\/v2\/users\/1"}],"replies":[{"embeddable":true,"href":"https:\/\/mariole-production.fr\/index.php\/wp-json\/wp\/v2\/comments?post=5"}],"version-history":[{"count":34,"href":"https:\/\/mariole-production.fr\/index.php\/wp-json\/wp\/v2\/pages\/5\/revisions"}],"predecessor-version":[{"id":110,"href":"https:\/\/mariole-production.fr\/index.php\/wp-json\/wp\/v2\/pages\/5\/revisions\/110"}],"wp:attachment":[{"href":"https:\/\/mariole-production.fr\/index.php\/wp-json\/wp\/v2\/media?parent=5"}],"curies":[{"name":"wp","href":"https:\/\/api.w.org\/{rel}","templated":true}]}}